{"id":6,"date":"2024-03-19T16:43:37","date_gmt":"2024-03-19T15:43:37","guid":{"rendered":"https:\/\/test.michl.photography\/?page_id=6"},"modified":"2026-03-27T20:33:11","modified_gmt":"2026-03-27T19:33:11","slug":"ueber-mich","status":"publish","type":"page","link":"https:\/\/michl.photography\/?page_id=6","title":{"rendered":"\u00dcber mich"},"content":{"rendered":"\n<div class=\"wp-block-columns is-layout-flex wp-container-core-columns-is-layout-9d6595d7 wp-block-columns-is-layout-flex\">\n<div class=\"wp-block-column is-layout-flow wp-block-column-is-layout-flow\">\n<figure class=\"wp-block-image size-large\"><img decoding=\"async\" src=\"https:\/\/test.michl.photography\/wp-content\/uploads\/2024\/04\/20230103_Family_0116_cbyMichlLaschak_Klein-683x1024.jpg\" alt=\"\" class=\"wp-image-62\"\/><figcaption class=\"wp-element-caption\">#portrait #michlphotographymunich<\/figcaption><\/figure>\n<\/div>\n\n\n\n<div class=\"wp-block-column is-layout-flow wp-block-column-is-layout-flow\">\n<p>Hallo und herzlich willkommen auf meiner Homepage! Mein Name ist Michael Laschak (Michl), geboren 1976 in F\u00fcssen und lebe   in M\u00fcnchen. Ich bin gl\u00fccklich verheiratet und stolzer Vater von zwei erwachsenen Kindern.<\/p>\n\n\n\n<p>Meine Leidenschaft f\u00fcr die Fotografie begann bereits in der Schulzeit, als ich mehrere Jahre Teil der Foto-Arbeitsgemeinschaft war. Dort lernte ich die Grundlagen der Kameratechnik, die Entwicklung von Filmen und die Ausbelichtung auf Fotopapier. Nach einer l\u00e4ngeren Pause habe ich 2005 wieder angefangen zu fotografieren \u2013 zun\u00e4chst die Familie, dann Freunde.<\/p>\n\n\n\n<p>Seit 2022 bin ich nebenberuflich als Fotograf t\u00e4tig und habe mich auf verschiedene fotografische Einsatzgebiete spezialisiert: Portrait, Closeup, Beauty, Fashion, Editorial und Composings.<\/p>\n\n\n\n<p>Ich freue mich darauf, mit Dir zusammenzuarbeiten und die besonderen Momente festzuhalten!<\/p>\n<\/div>\n<\/div>\n\n\n\n<p><\/p>\n","protected":false},"excerpt":{"rendered":"<p>Hallo und herzlich willkommen auf meiner Homepage! Mein Name ist Michael Laschak (Michl), geboren 1976 in F\u00fcssen und lebe in<\/p>\n<p><a href=\"https:\/\/michl.photography\/?page_id=6\" class=\"more-link\">Continue reading<span class=\"screen-reader-text\">\u00dcber mich<\/span><\/a><\/p>\n","protected":false},"author":1,"featured_media":0,"parent":0,"menu_order":0,"comment_status":"closed","ping_status":"closed","template":"","meta":{"footnotes":""},"class_list":["post-6","page","type-page","status-publish","hentry"],"yoast_head":"<!-- This site is optimized with the Yoast SEO plugin v27.3 - https:\/\/yoast.com\/product\/yoast-seo-wordpress\/ -->\n<title>\u00dcber mich - Michl Photography<\/title>\n<meta name=\"description\" content=\"Portraitfotografie Modefotografie Studiofotografie Frauenportrait Fashion Portrait Fotograf M\u00fcnchen Muenchen professionelles Fotoshooting Farbkontrast Fotografie Beauty Portrait\" \/>\n<meta name=\"robots\" content=\"index, follow, max-snippet:-1, max-image-preview:large, max-video-preview:-1\" \/>\n<link rel=\"canonical\" href=\"https:\/\/michl.photography\/?page_id=6\" \/>\n<meta property=\"og:locale\" content=\"de_DE\" \/>\n<meta property=\"og:type\" content=\"article\" \/>\n<meta property=\"og:title\" content=\"\u00dcber mich - Michl Photography\" \/>\n<meta property=\"og:description\" content=\"Portraitfotografie Modefotografie Studiofotografie Frauenportrait Fashion Portrait Fotograf M\u00fcnchen Muenchen professionelles Fotoshooting Farbkontrast Fotografie Beauty Portrait\" \/>\n<meta property=\"og:url\" content=\"https:\/\/michl.photography\/?page_id=6\" \/>\n<meta property=\"og:site_name\" content=\"Michl Photography\" \/>\n<meta property=\"article:publisher\" content=\"https:\/\/www.facebook.com\/michlphotographymunich\/\" \/>\n<meta property=\"article:modified_time\" content=\"2026-03-27T19:33:11+00:00\" \/>\n<meta property=\"og:image\" content=\"https:\/\/michl.photography\/wp-content\/uploads\/2024\/04\/322715178_848413153118990_3134130649434793923_n.jpg\" \/>\n\t<meta property=\"og:image:width\" content=\"2047\" \/>\n\t<meta property=\"og:image:height\" content=\"2048\" \/>\n\t<meta property=\"og:image:type\" content=\"image\/jpeg\" \/>\n<meta name=\"twitter:card\" content=\"summary_large_image\" \/>\n<meta name=\"twitter:label1\" content=\"Gesch\u00e4tzte Lesezeit\" \/>\n\t<meta name=\"twitter:data1\" content=\"2\u00a0Minuten\" \/>\n<script type=\"application\/ld+json\" class=\"yoast-schema-graph\">{\"@context\":\"https:\\\/\\\/schema.org\",\"@graph\":[{\"@type\":\"WebPage\",\"@id\":\"https:\\\/\\\/michl.photography\\\/?page_id=6\",\"url\":\"https:\\\/\\\/michl.photography\\\/?page_id=6\",\"name\":\"\u00dcber mich - Michl Photography\",\"isPartOf\":{\"@id\":\"https:\\\/\\\/michl.photography\\\/#website\"},\"primaryImageOfPage\":{\"@id\":\"https:\\\/\\\/michl.photography\\\/?page_id=6#primaryimage\"},\"image\":{\"@id\":\"https:\\\/\\\/michl.photography\\\/?page_id=6#primaryimage\"},\"thumbnailUrl\":\"https:\\\/\\\/test.michl.photography\\\/wp-content\\\/uploads\\\/2024\\\/04\\\/20230103_Family_0116_cbyMichlLaschak_Klein-683x1024.jpg\",\"datePublished\":\"2024-03-19T15:43:37+00:00\",\"dateModified\":\"2026-03-27T19:33:11+00:00\",\"description\":\"Portraitfotografie Modefotografie Studiofotografie Frauenportrait Fashion Portrait Fotograf M\u00fcnchen Muenchen professionelles Fotoshooting Farbkontrast Fotografie Beauty Portrait\",\"breadcrumb\":{\"@id\":\"https:\\\/\\\/michl.photography\\\/?page_id=6#breadcrumb\"},\"inLanguage\":\"de\",\"potentialAction\":[{\"@type\":\"ReadAction\",\"target\":[\"https:\\\/\\\/michl.photography\\\/?page_id=6\"]}]},{\"@type\":\"ImageObject\",\"inLanguage\":\"de\",\"@id\":\"https:\\\/\\\/michl.photography\\\/?page_id=6#primaryimage\",\"url\":\"https:\\\/\\\/test.michl.photography\\\/wp-content\\\/uploads\\\/2024\\\/04\\\/20230103_Family_0116_cbyMichlLaschak_Klein-683x1024.jpg\",\"contentUrl\":\"https:\\\/\\\/test.michl.photography\\\/wp-content\\\/uploads\\\/2024\\\/04\\\/20230103_Family_0116_cbyMichlLaschak_Klein-683x1024.jpg\"},{\"@type\":\"BreadcrumbList\",\"@id\":\"https:\\\/\\\/michl.photography\\\/?page_id=6#breadcrumb\",\"itemListElement\":[{\"@type\":\"ListItem\",\"position\":1,\"name\":\"Startseite\",\"item\":\"https:\\\/\\\/michl.photography\\\/\"},{\"@type\":\"ListItem\",\"position\":2,\"name\":\"\u00dcber mich\"}]},{\"@type\":\"WebSite\",\"@id\":\"https:\\\/\\\/michl.photography\\\/#website\",\"url\":\"https:\\\/\\\/michl.photography\\\/\",\"name\":\"Portrait, Fashion & Beauty Fotograf M\u00fcnchen | Michl Photography\",\"description\":\"\",\"publisher\":{\"@id\":\"https:\\\/\\\/michl.photography\\\/#organization\"},\"potentialAction\":[{\"@type\":\"SearchAction\",\"target\":{\"@type\":\"EntryPoint\",\"urlTemplate\":\"https:\\\/\\\/michl.photography\\\/?s={search_term_string}\"},\"query-input\":{\"@type\":\"PropertyValueSpecification\",\"valueRequired\":true,\"valueName\":\"search_term_string\"}}],\"inLanguage\":\"de\"},{\"@type\":\"Organization\",\"@id\":\"https:\\\/\\\/michl.photography\\\/#organization\",\"name\":\"Michl Photography\",\"url\":\"https:\\\/\\\/michl.photography\\\/\",\"logo\":{\"@type\":\"ImageObject\",\"inLanguage\":\"de\",\"@id\":\"https:\\\/\\\/michl.photography\\\/#\\\/schema\\\/logo\\\/image\\\/\",\"url\":\"https:\\\/\\\/michl.photography\\\/wp-content\\\/uploads\\\/2024\\\/03\\\/Logo.png\",\"contentUrl\":\"https:\\\/\\\/michl.photography\\\/wp-content\\\/uploads\\\/2024\\\/03\\\/Logo.png\",\"width\":512,\"height\":154,\"caption\":\"Michl Photography\"},\"image\":{\"@id\":\"https:\\\/\\\/michl.photography\\\/#\\\/schema\\\/logo\\\/image\\\/\"},\"sameAs\":[\"https:\\\/\\\/www.facebook.com\\\/michlphotographymunich\\\/\",\"https:\\\/\\\/instagram.com\\\/michlphotographymunich\"]}]}<\/script>\n<!-- \/ Yoast SEO plugin. -->","yoast_head_json":{"title":"\u00dcber mich - Michl Photography","description":"Portraitfotografie Modefotografie Studiofotografie Frauenportrait Fashion Portrait Fotograf M\u00fcnchen Muenchen professionelles Fotoshooting Farbkontrast Fotografie Beauty Portrait","robots":{"index":"index","follow":"follow","max-snippet":"max-snippet:-1","max-image-preview":"max-image-preview:large","max-video-preview":"max-video-preview:-1"},"canonical":"https:\/\/michl.photography\/?page_id=6","og_locale":"de_DE","og_type":"article","og_title":"\u00dcber mich - Michl Photography","og_description":"Portraitfotografie Modefotografie Studiofotografie Frauenportrait Fashion Portrait Fotograf M\u00fcnchen Muenchen professionelles Fotoshooting Farbkontrast Fotografie Beauty Portrait","og_url":"https:\/\/michl.photography\/?page_id=6","og_site_name":"Michl Photography","article_publisher":"https:\/\/www.facebook.com\/michlphotographymunich\/","article_modified_time":"2026-03-27T19:33:11+00:00","og_image":[{"width":2047,"height":2048,"url":"https:\/\/michl.photography\/wp-content\/uploads\/2024\/04\/322715178_848413153118990_3134130649434793923_n.jpg","type":"image\/jpeg"}],"twitter_card":"summary_large_image","twitter_misc":{"Gesch\u00e4tzte Lesezeit":"2\u00a0Minuten"},"schema":{"@context":"https:\/\/schema.org","@graph":[{"@type":"WebPage","@id":"https:\/\/michl.photography\/?page_id=6","url":"https:\/\/michl.photography\/?page_id=6","name":"\u00dcber mich - Michl Photography","isPartOf":{"@id":"https:\/\/michl.photography\/#website"},"primaryImageOfPage":{"@id":"https:\/\/michl.photography\/?page_id=6#primaryimage"},"image":{"@id":"https:\/\/michl.photography\/?page_id=6#primaryimage"},"thumbnailUrl":"https:\/\/test.michl.photography\/wp-content\/uploads\/2024\/04\/20230103_Family_0116_cbyMichlLaschak_Klein-683x1024.jpg","datePublished":"2024-03-19T15:43:37+00:00","dateModified":"2026-03-27T19:33:11+00:00","description":"Portraitfotografie Modefotografie Studiofotografie Frauenportrait Fashion Portrait Fotograf M\u00fcnchen Muenchen professionelles Fotoshooting Farbkontrast Fotografie Beauty Portrait","breadcrumb":{"@id":"https:\/\/michl.photography\/?page_id=6#breadcrumb"},"inLanguage":"de","potentialAction":[{"@type":"ReadAction","target":["https:\/\/michl.photography\/?page_id=6"]}]},{"@type":"ImageObject","inLanguage":"de","@id":"https:\/\/michl.photography\/?page_id=6#primaryimage","url":"https:\/\/test.michl.photography\/wp-content\/uploads\/2024\/04\/20230103_Family_0116_cbyMichlLaschak_Klein-683x1024.jpg","contentUrl":"https:\/\/test.michl.photography\/wp-content\/uploads\/2024\/04\/20230103_Family_0116_cbyMichlLaschak_Klein-683x1024.jpg"},{"@type":"BreadcrumbList","@id":"https:\/\/michl.photography\/?page_id=6#breadcrumb","itemListElement":[{"@type":"ListItem","position":1,"name":"Startseite","item":"https:\/\/michl.photography\/"},{"@type":"ListItem","position":2,"name":"\u00dcber mich"}]},{"@type":"WebSite","@id":"https:\/\/michl.photography\/#website","url":"https:\/\/michl.photography\/","name":"Portrait, Fashion & Beauty Fotograf M\u00fcnchen | Michl Photography","description":"","publisher":{"@id":"https:\/\/michl.photography\/#organization"},"potentialAction":[{"@type":"SearchAction","target":{"@type":"EntryPoint","urlTemplate":"https:\/\/michl.photography\/?s={search_term_string}"},"query-input":{"@type":"PropertyValueSpecification","valueRequired":true,"valueName":"search_term_string"}}],"inLanguage":"de"},{"@type":"Organization","@id":"https:\/\/michl.photography\/#organization","name":"Michl Photography","url":"https:\/\/michl.photography\/","logo":{"@type":"ImageObject","inLanguage":"de","@id":"https:\/\/michl.photography\/#\/schema\/logo\/image\/","url":"https:\/\/michl.photography\/wp-content\/uploads\/2024\/03\/Logo.png","contentUrl":"https:\/\/michl.photography\/wp-content\/uploads\/2024\/03\/Logo.png","width":512,"height":154,"caption":"Michl Photography"},"image":{"@id":"https:\/\/michl.photography\/#\/schema\/logo\/image\/"},"sameAs":["https:\/\/www.facebook.com\/michlphotographymunich\/","https:\/\/instagram.com\/michlphotographymunich"]}]}},"_links":{"self":[{"href":"https:\/\/michl.photography\/index.php?rest_route=\/wp\/v2\/pages\/6","targetHints":{"allow":["GET"]}}],"collection":[{"href":"https:\/\/michl.photography\/index.php?rest_route=\/wp\/v2\/pages"}],"about":[{"href":"https:\/\/michl.photography\/index.php?rest_route=\/wp\/v2\/types\/page"}],"author":[{"embeddable":true,"href":"https:\/\/michl.photography\/index.php?rest_route=\/wp\/v2\/users\/1"}],"replies":[{"embeddable":true,"href":"https:\/\/michl.photography\/index.php?rest_route=%2Fwp%2Fv2%2Fcomments&post=6"}],"version-history":[{"count":11,"href":"https:\/\/michl.photography\/index.php?rest_route=\/wp\/v2\/pages\/6\/revisions"}],"predecessor-version":[{"id":357,"href":"https:\/\/michl.photography\/index.php?rest_route=\/wp\/v2\/pages\/6\/revisions\/357"}],"wp:attachment":[{"href":"https:\/\/michl.photography\/index.php?rest_route=%2Fwp%2Fv2%2Fmedia&parent=6"}],"curies":[{"name":"wp","href":"https:\/\/api.w.org\/{rel}","templated":true}]}}